{"id":232,"date":"2013-08-23T13:39:58","date_gmt":"2013-08-23T13:39:58","guid":{"rendered":"https:\/\/www.marchemodevintage.com\/?page_id=232"},"modified":"2013-08-23T13:39:58","modified_gmt":"2013-08-23T13:39:58","slug":"accueil-2","status":"publish","type":"page","link":"https:\/\/www.marchemodevintage.com\/en\/","title":{"rendered":"Accueil"},"content":{"rendered":"","protected":false},"excerpt":{"rendered":"","protected":false},"author":9,"featured_media":12383,"parent":0,"menu_order":0,"comment_status":"closed","ping_status":"closed","template":"","meta":{"_acf_changed":false,"footnotes":""},"class_list":["post-232","page","type-page","status-publish","has-post-thumbnail","hentry"],"acf":[],"yoast_head":"<!-- This site is optimized with the Yoast SEO plugin v27.0 - https:\/\/yoast.com\/product\/yoast-seo-wordpress\/ -->\n<title>Accueil - March\u00e9 de la Mode Vintage<\/title>\n<meta name=\"robots\" content=\"index, follow, max-snippet:-1, max-image-preview:large, max-video-preview:-1\" \/>\n<link rel=\"canonical\" href=\"https:\/\/www.marchemodevintage.com\/en\/\" \/>\n<meta property=\"og:locale\" content=\"en_US\" \/>\n<meta property=\"og:type\" content=\"article\" \/>\n<meta property=\"og:title\" content=\"Accueil - March\u00e9 de la Mode Vintage\" \/>\n<meta property=\"og:url\" content=\"https:\/\/www.marchemodevintage.com\/en\/\" \/>\n<meta property=\"og:site_name\" content=\"March\u00e9 de la Mode Vintage\" \/>\n<!-- \/ Yoast SEO plugin. -->","yoast_head_json":{"title":"Accueil - March\u00e9 de la Mode Vintage","robots":{"index":"index","follow":"follow","max-snippet":"max-snippet:-1","max-image-preview":"max-image-preview:large","max-video-preview":"max-video-preview:-1"},"canonical":"https:\/\/www.marchemodevintage.com\/en\/","og_locale":"en_US","og_type":"article","og_title":"Accueil - March\u00e9 de la Mode Vintage","og_url":"https:\/\/www.marchemodevintage.com\/en\/","og_site_name":"March\u00e9 de la Mode Vintage","schema":{"@context":"https:\/\/schema.org","@graph":[{"@type":"WebPage","@id":"https:\/\/www.marchemodevintage.com\/en\/","url":"https:\/\/www.marchemodevintage.com\/en\/","name":"Accueil - March\u00e9 de la Mode Vintage","isPartOf":{"@id":"https:\/\/www.marchemodevintage.com\/#website"},"primaryImageOfPage":{"@id":"https:\/\/www.marchemodevintage.com\/en\/#primaryimage"},"image":{"@id":"https:\/\/www.marchemodevintage.com\/en\/#primaryimage"},"thumbnailUrl":"https:\/\/www.marchemodevintage.com\/wp-content\/uploads\/Merci-pour-lannee-2024-a-lannee-prochaine-en-2025-.png","datePublished":"2013-08-23T13:39:58+00:00","breadcrumb":{"@id":"https:\/\/www.marchemodevintage.com\/en\/#breadcrumb"},"inLanguage":"en-US","potentialAction":[{"@type":"ReadAction","target":["https:\/\/www.marchemodevintage.com\/en\/"]}]},{"@type":"ImageObject","inLanguage":"en-US","@id":"https:\/\/www.marchemodevintage.com\/en\/#primaryimage","url":"https:\/\/www.marchemodevintage.com\/wp-content\/uploads\/Merci-pour-lannee-2024-a-lannee-prochaine-en-2025-.png","contentUrl":"https:\/\/www.marchemodevintage.com\/wp-content\/uploads\/Merci-pour-lannee-2024-a-lannee-prochaine-en-2025-.png","width":1709,"height":600},{"@type":"BreadcrumbList","@id":"https:\/\/www.marchemodevintage.com\/en\/#breadcrumb","itemListElement":[{"@type":"ListItem","position":1,"name":"Home","item":"https:\/\/www.marchemodevintage.com\/en\/"},{"@type":"ListItem","position":2,"name":"Accueil"}]},{"@type":"WebSite","@id":"https:\/\/www.marchemodevintage.com\/#website","url":"https:\/\/www.marchemodevintage.com\/","name":"March\u00e9 de la Mode Vintage","description":"Le salon du vintage depuis 2001","potentialAction":[{"@type":"SearchAction","target":{"@type":"EntryPoint","urlTemplate":"https:\/\/www.marchemodevintage.com\/?s={search_term_string}"},"query-input":{"@type":"PropertyValueSpecification","valueRequired":true,"valueName":"search_term_string"}}],"inLanguage":"en-US"}]}},"jetpack_sharing_enabled":true,"jetpack_shortlink":"https:\/\/wp.me\/P9mabT-3K","jetpack-related-posts":[{"id":148,"url":"https:\/\/www.marchemodevintage.com\/accueil-2__trashed\/galerie-photos\/","url_meta":{"origin":232,"position":0},"title":"Galerie photos","author":"Stagiaire","date":"22 August 2013","format":false,"excerpt":"\u00a0Revivez les \u00e9ditions pr\u00e9c\u00e9dentes du salon du March\u00e9 de la Mode Vintage! 19\u00e8me \u00e9dition 2019 18\u00e8me \u00e9dition 2018 17\u00e8me \u00e9dition 2017 \u00a0 16\u00e8me \u00e9dition 2016 \u00a0 \u00a0 15\u00e8me \u00e9dition 2015 \u00a0 \u00a0 \u00a0 14\u00e8me \u00e9dition 2014 13\u00e8me \u00e9dition : 2013 12\u00e8me \u00e9dition : \u00a02013 \u00a0 11\u00e8me \u00e9dition : 2012 10\u00e8me\u2026","rel":"","context":"Similar post","block_context":{"text":"Similar post","link":""},"img":{"alt_text":"","src":"https:\/\/i0.wp.com\/www.marchemodevintage.com\/wp-content\/uploads\/DSC00928-resize2.png?resize=350%2C200&quality=100&strip=all&ssl=1","width":350,"height":200,"srcset":"https:\/\/i0.wp.com\/www.marchemodevintage.com\/wp-content\/uploads\/DSC00928-resize2.png?resize=350%2C200&quality=100&strip=all&ssl=1 1x, https:\/\/i0.wp.com\/www.marchemodevintage.com\/wp-content\/uploads\/DSC00928-resize2.png?resize=525%2C300&quality=100&strip=all&ssl=1 1.5x, https:\/\/i0.wp.com\/www.marchemodevintage.com\/wp-content\/uploads\/DSC00928-resize2.png?resize=700%2C400&quality=100&strip=all&ssl=1 2x"},"classes":[]},{"id":142,"url":"https:\/\/www.marchemodevintage.com\/partenaires\/","url_meta":{"origin":232,"position":1},"title":"Partenaires","author":"Stagiaire","date":"22 August 2013","format":false,"excerpt":"Avec le support de la m\u00e9tropole du Grand Lyon, le salon du March\u00e9 de la Mode Vintage b\u00e9n\u00e9ficie \u00e0 nouveau d'une puissante campagne d'affichage \u00e0 Lyon.\u00a0 \u00a0 Pour lancer l'enseigne \u00e0 Lyon, Hard Rock Caf\u00e9 a choisi de s'associer au salon du March\u00e9 de la Mode Vintage dont le public\u2026","rel":"","context":"Similar post","block_context":{"text":"Similar post","link":""},"img":{"alt_text":"LOGO_GRANDLYON ","src":"https:\/\/i0.wp.com\/www.marchemodevintage.com\/wp-content\/uploads\/LOGO_GRANDLYON-11.jpg?resize=350%2C200&quality=100&strip=all&ssl=1","width":350,"height":200},"classes":[]},{"id":230,"url":"https:\/\/www.marchemodevintage.com\/accueil-2__trashed\/","url_meta":{"origin":232,"position":2},"title":"Accueil","author":"Stagiaire","date":"23 August 2013","format":false,"excerpt":"Le prochain salon du March\u00e9 de la Mode Vintage revient les 15 et 16 mars 2025 ! LYON : Retour sur les 5 et 6 octobre 2024\u00a0\u00e0 La Sucri\u00e8re\u00a0Confluence Apr\u00e8s un retour remarqu\u00e9 en 2018 dans le quartier de la Confluence \u00e0 LYON o\u00f9 il est n\u00e9, le March\u00e9 de\u2026","rel":"","context":"Similar post","block_context":{"text":"Similar post","link":""},"img":{"alt_text":"","src":"https:\/\/i0.wp.com\/www.marchemodevintage.com\/wp-content\/uploads\/Merci-pour-lannee-2024-a-lannee-prochaine-en-2025-.png?resize=350%2C200&quality=100&strip=all&ssl=1","width":350,"height":200,"srcset":"https:\/\/i0.wp.com\/www.marchemodevintage.com\/wp-content\/uploads\/Merci-pour-lannee-2024-a-lannee-prochaine-en-2025-.png?resize=350%2C200&quality=100&strip=all&ssl=1 1x, https:\/\/i0.wp.com\/www.marchemodevintage.com\/wp-content\/uploads\/Merci-pour-lannee-2024-a-lannee-prochaine-en-2025-.png?resize=525%2C300&quality=100&strip=all&ssl=1 1.5x, https:\/\/i0.wp.com\/www.marchemodevintage.com\/wp-content\/uploads\/Merci-pour-lannee-2024-a-lannee-prochaine-en-2025-.png?resize=700%2C400&quality=100&strip=all&ssl=1 2x, https:\/\/i0.wp.com\/www.marchemodevintage.com\/wp-content\/uploads\/Merci-pour-lannee-2024-a-lannee-prochaine-en-2025-.png?resize=1050%2C600&quality=100&strip=all&ssl=1 3x, https:\/\/i0.wp.com\/www.marchemodevintage.com\/wp-content\/uploads\/Merci-pour-lannee-2024-a-lannee-prochaine-en-2025-.png?resize=1400%2C800&quality=100&strip=all&ssl=1 4x"},"classes":[]}],"_links":{"self":[{"href":"https:\/\/www.marchemodevintage.com\/en\/wp-json\/wp\/v2\/pages\/232","targetHints":{"allow":["GET"]}}],"collection":[{"href":"https:\/\/www.marchemodevintage.com\/en\/wp-json\/wp\/v2\/pages"}],"about":[{"href":"https:\/\/www.marchemodevintage.com\/en\/wp-json\/wp\/v2\/types\/page"}],"author":[{"embeddable":true,"href":"https:\/\/www.marchemodevintage.com\/en\/wp-json\/wp\/v2\/users\/9"}],"replies":[{"embeddable":true,"href":"https:\/\/www.marchemodevintage.com\/en\/wp-json\/wp\/v2\/comments?post=232"}],"version-history":[{"count":2,"href":"https:\/\/www.marchemodevintage.com\/en\/wp-json\/wp\/v2\/pages\/232\/revisions"}],"predecessor-version":[{"id":234,"href":"https:\/\/www.marchemodevintage.com\/en\/wp-json\/wp\/v2\/pages\/232\/revisions\/234"}],"wp:featuredmedia":[{"embeddable":true,"href":"https:\/\/www.marchemodevintage.com\/en\/wp-json\/wp\/v2\/media\/12383"}],"wp:attachment":[{"href":"https:\/\/www.marchemodevintage.com\/en\/wp-json\/wp\/v2\/media?parent=232"}],"curies":[{"name":"wp","href":"https:\/\/api.w.org\/{rel}","templated":true}]}}