{"id":1143,"date":"2014-04-10T15:01:42","date_gmt":"2014-04-10T15:01:42","guid":{"rendered":"http:\/\/www.modevintagefair.com\/?page_id=1143"},"modified":"2015-11-16T13:26:20","modified_gmt":"2015-11-16T13:26:20","slug":"pictures","status":"publish","type":"page","link":"https:\/\/www.marchemodevintage.com\/en\/pictures\/","title":{"rendered":"Gallery"},"content":{"rendered":"\n\t\t<style type=\"text\/css\">\n\t\t\t#gallery-1 {\n\t\t\t\tmargin: auto;\n\t\t\t}\n\t\t\t#gallery-1 .gallery-item {\n\t\t\t\tfloat: left;\n\t\t\t\tmargin-top: 10px;\n\t\t\t\ttext-align: center;\n\t\t\t\twidth: 33%;\n\t\t\t}\n\t\t\t#gallery-1 img {\n\t\t\t\tborder: 2px solid #cfcfcf;\n\t\t\t}\n\t\t\t#gallery-1 .gallery-caption {\n\t\t\t\tmargin-left: 0;\n\t\t\t}\n\t\t\t\/* see gallery_shortcode() in wp-includes\/media.php *\/\n\t\t<\/style>\n\t\t<div data-carousel-extra='{&quot;blog_id&quot;:1,&quot;permalink&quot;:&quot;https:\/\/www.marchemodevintage.com\/en\/pictures\/&quot;}' id='gallery-1' class='gallery galleryid-1143 gallery-columns-3 gallery-size-thumbnail'><dl class='gallery-item'>\n\t\t\t<dt class='gallery-icon landscape'>\n\t\t\t\t<a href='https:\/\/www.marchemodevintage.com\/en\/edit\/10435416_10152274407703335_6789900889951586568_n-2\/'><img loading=\"lazy\" decoding=\"async\" width=\"212\" height=\"212\" src=\"https:\/\/www.marchemodevintage.com\/wp-content\/uploads\/10435416_10152274407703335_6789900889951586568_n-212x212.jpg\" class=\"attachment-thumbnail size-thumbnail\" alt=\"\" srcset=\"https:\/\/www.marchemodevintage.com\/wp-content\/uploads\/10435416_10152274407703335_6789900889951586568_n-212x212.jpg 212w, https:\/\/www.marchemodevintage.com\/wp-content\/uploads\/10435416_10152274407703335_6789900889951586568_n-210x210.jpg 210w, https:\/\/www.marchemodevintage.com\/wp-content\/uploads\/10435416_10152274407703335_6789900889951586568_n-370x370.jpg 370w\" sizes=\"(max-width: 212px) 100vw, 212px\" data-attachment-id=\"9777\" data-permalink=\"https:\/\/www.marchemodevintage.com\/en\/edit\/10435416_10152274407703335_6789900889951586568_n-2\/\" data-orig-file=\"https:\/\/www.marchemodevintage.com\/wp-content\/uploads\/10435416_10152274407703335_6789900889951586568_n.jpg\" data-orig-size=\"950,437\" data-comments-opened=\"0\" data-image-meta=\"{&quot;aperture&quot;:&quot;0&quot;,&quot;credit&quot;:&quot;Christophe Levet&quot;,&quot;camera&quot;:&quot;&quot;,&quot;caption&quot;:&quot;&quot;,&quot;created_timestamp&quot;:&quot;0&quot;,&quot;copyright&quot;:&quot;\\u00a9www.levetchristophe.fr&quot;,&quot;focal_length&quot;:&quot;0&quot;,&quot;iso&quot;:&quot;0&quot;,&quot;shutter_speed&quot;:&quot;0&quot;,&quot;title&quot;:&quot;&quot;}\" data-image-title=\"\" data-image-description=\"\" data-image-caption=\"\" data-medium-file=\"https:\/\/www.marchemodevintage.com\/wp-content\/uploads\/10435416_10152274407703335_6789900889951586568_n-323x173.jpg\" data-large-file=\"https:\/\/www.marchemodevintage.com\/wp-content\/uploads\/10435416_10152274407703335_6789900889951586568_n.jpg\" \/><\/a>\n\t\t\t<\/dt><\/dl><dl class='gallery-item'>\n\t\t\t<dt class='gallery-icon '>\n\t\t\t\t<a href='https:\/\/www.marchemodevintage.com\/en\/sponsors-2\/mv_1490-3-2\/'><img loading=\"lazy\" decoding=\"async\" width=\"1\" height=\"1\" src=\"https:\/\/www.marchemodevintage.com\/wp-content\/uploads\/MV_14902.jpg\" class=\"attachment-thumbnail size-thumbnail\" alt=\"\" data-attachment-id=\"9776\" data-permalink=\"https:\/\/www.marchemodevintage.com\/en\/sponsors-2\/mv_1490-3-2\/\" data-orig-file=\"https:\/\/www.marchemodevintage.com\/wp-content\/uploads\/MV_14902.jpg\" data-orig-size=\"\" data-comments-opened=\"0\" data-image-meta=\"[]\" data-image-title=\"\" data-image-description=\"\" data-image-caption=\"\" data-medium-file=\"https:\/\/www.marchemodevintage.com\/wp-content\/uploads\/MV_14902.jpg\" data-large-file=\"https:\/\/www.marchemodevintage.com\/wp-content\/uploads\/MV_14902.jpg\" \/><\/a>\n\t\t\t<\/dt><\/dl><dl class='gallery-item'>\n\t\t\t<dt class='gallery-icon landscape'>\n\t\t\t\t<a href='https:\/\/www.marchemodevintage.com\/en\/edit\/18052014-18052014-_ceg1433-2-2\/'><img loading=\"lazy\" decoding=\"async\" width=\"212\" height=\"212\" src=\"https:\/\/www.marchemodevintage.com\/wp-content\/uploads\/18052014-18052014-_CEG14331-212x212.jpg\" class=\"attachment-thumbnail size-thumbnail\" alt=\"\" srcset=\"https:\/\/www.marchemodevintage.com\/wp-content\/uploads\/18052014-18052014-_CEG14331-212x212.jpg 212w, https:\/\/www.marchemodevintage.com\/wp-content\/uploads\/18052014-18052014-_CEG14331-210x210.jpg 210w, https:\/\/www.marchemodevintage.com\/wp-content\/uploads\/18052014-18052014-_CEG14331-370x370.jpg 370w\" sizes=\"(max-width: 212px) 100vw, 212px\" data-attachment-id=\"9768\" data-permalink=\"https:\/\/www.marchemodevintage.com\/en\/edit\/18052014-18052014-_ceg1433-2-2\/\" data-orig-file=\"https:\/\/www.marchemodevintage.com\/wp-content\/uploads\/18052014-18052014-_CEG14331.jpg\" data-orig-size=\"2060,1142\" data-comments-opened=\"0\" data-image-meta=\"{&quot;aperture&quot;:&quot;4&quot;,&quot;credit&quot;:&quot;charles-edouard_GIL&quot;,&quot;camera&quot;:&quot;Canon EOS 5D Mark III&quot;,&quot;caption&quot;:&quot;&quot;,&quot;created_timestamp&quot;:&quot;1400437403&quot;,&quot;copyright&quot;:&quot;ceg&quot;,&quot;focal_length&quot;:&quot;105&quot;,&quot;iso&quot;:&quot;125&quot;,&quot;shutter_speed&quot;:&quot;0.0125&quot;,&quot;title&quot;:&quot;&quot;}\" data-image-title=\"\" data-image-description=\"\" data-image-caption=\"\" data-medium-file=\"https:\/\/www.marchemodevintage.com\/wp-content\/uploads\/18052014-18052014-_CEG14331-323x173.jpg\" data-large-file=\"https:\/\/www.marchemodevintage.com\/wp-content\/uploads\/18052014-18052014-_CEG14331-1024x567.jpg\" \/><\/a>\n\t\t\t<\/dt><\/dl><br style=\"clear: both\" \/><dl class='gallery-item'>\n\t\t\t<dt class='gallery-icon '>\n\t\t\t\t<a href='https:\/\/www.marchemodevintage.com\/en\/wo\/18052014-18052014-_ceg1170-2-2\/'><img loading=\"lazy\" decoding=\"async\" width=\"1\" height=\"1\" src=\"https:\/\/www.marchemodevintage.com\/wp-content\/uploads\/18052014-18052014-_CEG11701.jpg\" class=\"attachment-thumbnail size-thumbnail\" alt=\"\" data-attachment-id=\"9769\" data-permalink=\"https:\/\/www.marchemodevintage.com\/en\/wo\/18052014-18052014-_ceg1170-2-2\/\" data-orig-file=\"https:\/\/www.marchemodevintage.com\/wp-content\/uploads\/18052014-18052014-_CEG11701.jpg\" data-orig-size=\"\" data-comments-opened=\"0\" data-image-meta=\"[]\" data-image-title=\"\" data-image-description=\"\" data-image-caption=\"\" data-medium-file=\"https:\/\/www.marchemodevintage.com\/wp-content\/uploads\/18052014-18052014-_CEG11701.jpg\" data-large-file=\"https:\/\/www.marchemodevintage.com\/wp-content\/uploads\/18052014-18052014-_CEG11701.jpg\" \/><\/a>\n\t\t\t<\/dt><\/dl><dl class='gallery-item'>\n\t\t\t<dt class='gallery-icon portrait'>\n\t\t\t\t<a href='https:\/\/www.marchemodevintage.com\/en\/exhibitors-form\/websitev2_1mvf_automne2014_brivet-2\/'><img loading=\"lazy\" decoding=\"async\" width=\"212\" height=\"212\" src=\"https:\/\/www.marchemodevintage.com\/wp-content\/uploads\/websiteV2_1mvf_automne2014_brivet-212x212.jpg\" class=\"attachment-thumbnail size-thumbnail\" alt=\"\" srcset=\"https:\/\/www.marchemodevintage.com\/wp-content\/uploads\/websiteV2_1mvf_automne2014_brivet-212x212.jpg 212w, https:\/\/www.marchemodevintage.com\/wp-content\/uploads\/websiteV2_1mvf_automne2014_brivet-210x210.jpg 210w\" sizes=\"(max-width: 212px) 100vw, 212px\" data-attachment-id=\"9767\" data-permalink=\"https:\/\/www.marchemodevintage.com\/en\/exhibitors-form\/websitev2_1mvf_automne2014_brivet-2\/\" data-orig-file=\"https:\/\/www.marchemodevintage.com\/wp-content\/uploads\/websiteV2_1mvf_automne2014_brivet.jpg\" data-orig-size=\"353,600\" data-comments-opened=\"0\" data-image-meta=\"{&quot;aperture&quot;:&quot;0&quot;,&quot;credit&quot;:&quot;&quot;,&quot;camera&quot;:&quot;&quot;,&quot;caption&quot;:&quot;&quot;,&quot;created_timestamp&quot;:&quot;0&quot;,&quot;copyright&quot;:&quot;&quot;,&quot;focal_length&quot;:&quot;0&quot;,&quot;iso&quot;:&quot;0&quot;,&quot;shutter_speed&quot;:&quot;0&quot;,&quot;title&quot;:&quot;&quot;}\" data-image-title=\"\" data-image-description=\"\" data-image-caption=\"\" data-medium-file=\"https:\/\/www.marchemodevintage.com\/wp-content\/uploads\/websiteV2_1mvf_automne2014_brivet-323x173.jpg\" data-large-file=\"https:\/\/www.marchemodevintage.com\/wp-content\/uploads\/websiteV2_1mvf_automne2014_brivet.jpg\" \/><\/a>\n\t\t\t<\/dt><\/dl><dl class='gallery-item'>\n\t\t\t<dt class='gallery-icon '>\n\t\t\t\t<a href='https:\/\/www.marchemodevintage.com\/en\/mv_1402-3\/'><img loading=\"lazy\" decoding=\"async\" width=\"1\" height=\"1\" src=\"https:\/\/www.marchemodevintage.com\/wp-content\/uploads\/MV_1402.jpg\" class=\"attachment-thumbnail size-thumbnail\" alt=\"\" data-attachment-id=\"9757\" data-permalink=\"https:\/\/www.marchemodevintage.com\/en\/mv_1402-3\/\" data-orig-file=\"https:\/\/www.marchemodevintage.com\/wp-content\/uploads\/MV_1402.jpg\" data-orig-size=\"\" data-comments-opened=\"0\" data-image-meta=\"[]\" data-image-title=\"\" data-image-description=\"\" data-image-caption=\"\" data-medium-file=\"https:\/\/www.marchemodevintage.com\/wp-content\/uploads\/MV_1402.jpg\" data-large-file=\"https:\/\/www.marchemodevintage.com\/wp-content\/uploads\/MV_1402.jpg\" \/><\/a>\n\t\t\t<\/dt><\/dl><br style=\"clear: both\" \/><dl class='gallery-item'>\n\t\t\t<dt class='gallery-icon '>\n\t\t\t\t<a href='https:\/\/www.marchemodevintage.com\/en\/dsc_0145-2\/'><img loading=\"lazy\" decoding=\"async\" width=\"1\" height=\"1\" src=\"https:\/\/www.marchemodevintage.com\/wp-content\/uploads\/DSC_0145.jpg\" class=\"attachment-thumbnail size-thumbnail\" alt=\"\" data-attachment-id=\"9766\" data-permalink=\"https:\/\/www.marchemodevintage.com\/en\/dsc_0145-2\/\" data-orig-file=\"https:\/\/www.marchemodevintage.com\/wp-content\/uploads\/DSC_0145.jpg\" data-orig-size=\"\" data-comments-opened=\"0\" data-image-meta=\"[]\" data-image-title=\"\" data-image-description=\"\" data-image-caption=\"\" data-medium-file=\"https:\/\/www.marchemodevintage.com\/wp-content\/uploads\/DSC_0145.jpg\" data-large-file=\"https:\/\/www.marchemodevintage.com\/wp-content\/uploads\/DSC_0145.jpg\" \/><\/a>\n\t\t\t<\/dt><\/dl><dl class='gallery-item'>\n\t\t\t<dt class='gallery-icon landscape'>\n\t\t\t\t<a href='https:\/\/www.marchemodevintage.com\/en\/18052014-18052014-_ceg1257-2\/'><img loading=\"lazy\" decoding=\"async\" width=\"212\" height=\"212\" src=\"https:\/\/www.marchemodevintage.com\/wp-content\/uploads\/18052014-18052014-_CEG1257-212x212.jpg\" class=\"attachment-thumbnail size-thumbnail\" alt=\"\" srcset=\"https:\/\/www.marchemodevintage.com\/wp-content\/uploads\/18052014-18052014-_CEG1257-212x212.jpg 212w, https:\/\/www.marchemodevintage.com\/wp-content\/uploads\/18052014-18052014-_CEG1257-210x210.jpg 210w, https:\/\/www.marchemodevintage.com\/wp-content\/uploads\/18052014-18052014-_CEG1257-370x370.jpg 370w\" sizes=\"(max-width: 212px) 100vw, 212px\" data-attachment-id=\"9753\" data-permalink=\"https:\/\/www.marchemodevintage.com\/en\/18052014-18052014-_ceg1257-2\/\" data-orig-file=\"https:\/\/www.marchemodevintage.com\/wp-content\/uploads\/18052014-18052014-_CEG1257.jpg\" data-orig-size=\"3459,1512\" data-comments-opened=\"0\" data-image-meta=\"{&quot;aperture&quot;:&quot;4&quot;,&quot;credit&quot;:&quot;charles-edouard_GIL&quot;,&quot;camera&quot;:&quot;Canon EOS 5D Mark III&quot;,&quot;caption&quot;:&quot;&quot;,&quot;created_timestamp&quot;:&quot;1400426463&quot;,&quot;copyright&quot;:&quot;ceg&quot;,&quot;focal_length&quot;:&quot;24&quot;,&quot;iso&quot;:&quot;400&quot;,&quot;shutter_speed&quot;:&quot;0.0125&quot;,&quot;title&quot;:&quot;&quot;}\" data-image-title=\"\" data-image-description=\"\" data-image-caption=\"\" data-medium-file=\"https:\/\/www.marchemodevintage.com\/wp-content\/uploads\/18052014-18052014-_CEG1257-323x173.jpg\" data-large-file=\"https:\/\/www.marchemodevintage.com\/wp-content\/uploads\/18052014-18052014-_CEG1257-1024x447.jpg\" \/><\/a>\n\t\t\t<\/dt><\/dl><dl class='gallery-item'>\n\t\t\t<dt class='gallery-icon portrait'>\n\t\t\t\t<a href='https:\/\/www.marchemodevintage.com\/en\/18052014-18052014-_ceg1325-2\/'><img loading=\"lazy\" decoding=\"async\" width=\"212\" height=\"212\" src=\"https:\/\/www.marchemodevintage.com\/wp-content\/uploads\/18052014-18052014-_CEG1325-212x212.jpg\" class=\"attachment-thumbnail size-thumbnail\" alt=\"\" srcset=\"https:\/\/www.marchemodevintage.com\/wp-content\/uploads\/18052014-18052014-_CEG1325-212x212.jpg 212w, https:\/\/www.marchemodevintage.com\/wp-content\/uploads\/18052014-18052014-_CEG1325-210x210.jpg 210w, https:\/\/www.marchemodevintage.com\/wp-content\/uploads\/18052014-18052014-_CEG1325-370x370.jpg 370w\" sizes=\"(max-width: 212px) 100vw, 212px\" data-attachment-id=\"9749\" data-permalink=\"https:\/\/www.marchemodevintage.com\/en\/18052014-18052014-_ceg1325-2\/\" data-orig-file=\"https:\/\/www.marchemodevintage.com\/wp-content\/uploads\/18052014-18052014-_CEG1325.jpg\" data-orig-size=\"1577,1890\" data-comments-opened=\"0\" data-image-meta=\"{&quot;aperture&quot;:&quot;4&quot;,&quot;credit&quot;:&quot;charles-edouard_GIL&quot;,&quot;camera&quot;:&quot;Canon EOS 5D Mark III&quot;,&quot;caption&quot;:&quot;&quot;,&quot;created_timestamp&quot;:&quot;1400427609&quot;,&quot;copyright&quot;:&quot;ceg&quot;,&quot;focal_length&quot;:&quot;24&quot;,&quot;iso&quot;:&quot;2000&quot;,&quot;shutter_speed&quot;:&quot;0.0125&quot;,&quot;title&quot;:&quot;&quot;}\" data-image-title=\"\" data-image-description=\"\" data-image-caption=\"\" data-medium-file=\"https:\/\/www.marchemodevintage.com\/wp-content\/uploads\/18052014-18052014-_CEG1325-323x173.jpg\" data-large-file=\"https:\/\/www.marchemodevintage.com\/wp-content\/uploads\/18052014-18052014-_CEG1325-854x1024.jpg\" \/><\/a>\n\t\t\t<\/dt><\/dl><br style=\"clear: both\" \/>\n\t\t<\/div>\n\n","protected":false},"excerpt":{"rendered":"","protected":false},"author":4,"featured_media":2408,"parent":0,"menu_order":0,"comment_status":"open","ping_status":"closed","template":"","meta":{"_acf_changed":false,"footnotes":""},"class_list":["post-1143","page","type-page","status-publish","has-post-thumbnail","hentry"],"acf":[],"yoast_head":"<!-- This site is optimized with the Yoast SEO plugin v27.0 - https:\/\/yoast.com\/product\/yoast-seo-wordpress\/ -->\n<title>Gallery - March\u00e9 de la Mode Vintage<\/title>\n<meta name=\"robots\" content=\"index, follow, max-snippet:-1, max-image-preview:large, max-video-preview:-1\" \/>\n<link rel=\"canonical\" href=\"https:\/\/www.marchemodevintage.com\/en\/pictures\/\" \/>\n<meta property=\"og:locale\" content=\"en_US\" \/>\n<meta property=\"og:type\" content=\"article\" \/>\n<meta property=\"og:title\" content=\"Gallery - March\u00e9 de la Mode Vintage\" \/>\n<meta property=\"og:url\" content=\"https:\/\/www.marchemodevintage.com\/en\/pictures\/\" \/>\n<meta property=\"og:site_name\" content=\"March\u00e9 de la Mode Vintage\" \/>\n<meta property=\"article:modified_time\" content=\"2015-11-16T13:26:20+00:00\" \/>\n<meta property=\"og:image\" content=\"https:\/\/i0.wp.com\/www.marchemodevintage.com\/wp-content\/uploads\/DSC00928-resize.png?fit=754%2C407&quality=100&strip=all&ssl=1\" \/>\n\t<meta property=\"og:image:width\" content=\"754\" \/>\n\t<meta property=\"og:image:height\" content=\"407\" \/>\n\t<meta property=\"og:image:type\" content=\"image\/png\" \/>\n<!-- \/ Yoast SEO plugin. -->","yoast_head_json":{"title":"Gallery - March\u00e9 de la Mode Vintage","robots":{"index":"index","follow":"follow","max-snippet":"max-snippet:-1","max-image-preview":"max-image-preview:large","max-video-preview":"max-video-preview:-1"},"canonical":"https:\/\/www.marchemodevintage.com\/en\/pictures\/","og_locale":"en_US","og_type":"article","og_title":"Gallery - March\u00e9 de la Mode Vintage","og_url":"https:\/\/www.marchemodevintage.com\/en\/pictures\/","og_site_name":"March\u00e9 de la Mode Vintage","article_modified_time":"2015-11-16T13:26:20+00:00","og_image":[{"width":754,"height":407,"url":"https:\/\/i0.wp.com\/www.marchemodevintage.com\/wp-content\/uploads\/DSC00928-resize.png?fit=754%2C407&quality=100&strip=all&ssl=1","type":"image\/png"}],"schema":{"@context":"https:\/\/schema.org","@graph":[{"@type":"WebPage","@id":"https:\/\/www.marchemodevintage.com\/en\/pictures\/","url":"https:\/\/www.marchemodevintage.com\/en\/pictures\/","name":"Gallery - March\u00e9 de la Mode Vintage","isPartOf":{"@id":"https:\/\/www.marchemodevintage.com\/#website"},"primaryImageOfPage":{"@id":"https:\/\/www.marchemodevintage.com\/en\/pictures\/#primaryimage"},"image":{"@id":"https:\/\/www.marchemodevintage.com\/en\/pictures\/#primaryimage"},"thumbnailUrl":"https:\/\/www.marchemodevintage.com\/wp-content\/uploads\/DSC00928-resize.png","datePublished":"2014-04-10T15:01:42+00:00","dateModified":"2015-11-16T13:26:20+00:00","breadcrumb":{"@id":"https:\/\/www.marchemodevintage.com\/en\/pictures\/#breadcrumb"},"inLanguage":"en-US","potentialAction":[{"@type":"ReadAction","target":["https:\/\/www.marchemodevintage.com\/en\/pictures\/"]}]},{"@type":"ImageObject","inLanguage":"en-US","@id":"https:\/\/www.marchemodevintage.com\/en\/pictures\/#primaryimage","url":"https:\/\/www.marchemodevintage.com\/wp-content\/uploads\/DSC00928-resize.png","contentUrl":"https:\/\/www.marchemodevintage.com\/wp-content\/uploads\/DSC00928-resize.png","width":754,"height":407},{"@type":"BreadcrumbList","@id":"https:\/\/www.marchemodevintage.com\/en\/pictures\/#breadcrumb","itemListElement":[{"@type":"ListItem","position":1,"name":"Home","item":"https:\/\/www.marchemodevintage.com\/en\/"},{"@type":"ListItem","position":2,"name":"Gallery"}]},{"@type":"WebSite","@id":"https:\/\/www.marchemodevintage.com\/#website","url":"https:\/\/www.marchemodevintage.com\/","name":"March\u00e9 de la Mode Vintage","description":"Le salon du vintage depuis 2001","potentialAction":[{"@type":"SearchAction","target":{"@type":"EntryPoint","urlTemplate":"https:\/\/www.marchemodevintage.com\/?s={search_term_string}"},"query-input":{"@type":"PropertyValueSpecification","valueRequired":true,"valueName":"search_term_string"}}],"inLanguage":"en-US"}]}},"jetpack_sharing_enabled":true,"jetpack_shortlink":"https:\/\/wp.me\/P9mabT-ir","jetpack-related-posts":[{"id":353,"url":"https:\/\/www.marchemodevintage.com\/mentions-legales-credits\/","url_meta":{"origin":1143,"position":0},"title":"Mentions l\u00e9gales &#038; Cr\u00e9dits","author":"Stagiaire","date":"28 August 2013","format":false,"excerpt":"DIRECTEUR DE LA PUBLICATION : IVANHOE L\u2019acc\u00e8s au site Internet www.marchedelamodevintage.com ainsi que l\u2019utilisation de son contenu, sont soumis aux conditions du respect du droit d'auteur. Le fait d\u2019acc\u00e9der au site et de naviguer sur le site constitue une acceptation sans r\u00e9serve desdites conditions. Les pr\u00e9sentes conditions d\u2019utilisation peuvent \u00eatre\u2026","rel":"","context":"Similar post","block_context":{"text":"Similar post","link":""},"img":{"alt_text":"","src":"","width":0,"height":0},"classes":[]},{"id":7333,"url":"https:\/\/www.marchemodevintage.com\/mymarchy-rendez-createurs-lifestyle-vintage-ligne\/","url_meta":{"origin":1143,"position":1},"title":"MyMarchy, votre rendez-vous cr\u00e9ateurs, lifestyle et vintage en ligne","author":"Stagiaire","date":"1 September 2021","format":false,"excerpt":"\u00a0 MyMarchy, notre place de march\u00e9 engag\u00e9e ! Des marques lifestyle, des artisans, des cr\u00e9ateurs, des marchands vintage ont choisi MyMarchy pour vendre aupr\u00e8s\u00a0de vous leur collection fait-main, made in France ou seconde main\u2026\u00a0De quoi vous faire plaisir toute l'anne\u0301e, me\u0302me en dehors de nos salons ! MyMarchy c\u2019est quoi\u2026","rel":"","context":"Similar post","block_context":{"text":"Similar post","link":""},"img":{"alt_text":"","src":"https:\/\/i0.wp.com\/www.marchemodevintage.com\/wp-content\/uploads\/Sans-titre-8.png?resize=350%2C200&quality=100&strip=all&ssl=1","width":350,"height":200,"srcset":"https:\/\/i0.wp.com\/www.marchemodevintage.com\/wp-content\/uploads\/Sans-titre-8.png?resize=350%2C200&quality=100&strip=all&ssl=1 1x, https:\/\/i0.wp.com\/www.marchemodevintage.com\/wp-content\/uploads\/Sans-titre-8.png?resize=525%2C300&quality=100&strip=all&ssl=1 1.5x, https:\/\/i0.wp.com\/www.marchemodevintage.com\/wp-content\/uploads\/Sans-titre-8.png?resize=700%2C400&quality=100&strip=all&ssl=1 2x, https:\/\/i0.wp.com\/www.marchemodevintage.com\/wp-content\/uploads\/Sans-titre-8.png?resize=1050%2C600&quality=100&strip=all&ssl=1 3x"},"classes":[]},{"id":350,"url":"https:\/\/www.marchemodevintage.com\/presse\/","url_meta":{"origin":1143,"position":2},"title":"Presse","author":"Stagiaire","date":"23 June 2020","format":false,"excerpt":"Contact Presse Lyon : Christelle Cimeti\u00e8re - Agence emc 04.72.19.69.36 presse@agence-emc.com \u00a0 Contact Presse Toulon : Hugo Robert - Ivanho\u00e9 04.78.92.68.17 communication@ivanor.fr \u00a0 LYON 07.08 Mars 2026 Communiqu\u00e9 de Presse March\u00e9 de la Mode Vintage LYON 07.08 mars 2026 Retomb\u00e9e presse : Le March\u00e9 de la mode vintage sort le\u2026","rel":"","context":"Similar post","block_context":{"text":"Similar post","link":""},"img":{"alt_text":"","src":"https:\/\/i0.wp.com\/www.marchemodevintage.com\/wp-content\/uploads\/MARCHE_MODE_VINTAGE_LYON_FEMMES-212x212.png?resize=350%2C200&quality=100&strip=all&ssl=1","width":350,"height":200,"srcset":"https:\/\/i0.wp.com\/www.marchemodevintage.com\/wp-content\/uploads\/MARCHE_MODE_VINTAGE_LYON_FEMMES-212x212.png?resize=350%2C200&quality=100&strip=all&ssl=1 1x, https:\/\/i0.wp.com\/www.marchemodevintage.com\/wp-content\/uploads\/MARCHE_MODE_VINTAGE_LYON_FEMMES-212x212.png?resize=525%2C300&quality=100&strip=all&ssl=1 1.5x, https:\/\/i0.wp.com\/www.marchemodevintage.com\/wp-content\/uploads\/MARCHE_MODE_VINTAGE_LYON_FEMMES-212x212.png?resize=700%2C400&quality=100&strip=all&ssl=1 2x, https:\/\/i0.wp.com\/www.marchemodevintage.com\/wp-content\/uploads\/MARCHE_MODE_VINTAGE_LYON_FEMMES-212x212.png?resize=1050%2C600&quality=100&strip=all&ssl=1 3x, https:\/\/i0.wp.com\/www.marchemodevintage.com\/wp-content\/uploads\/MARCHE_MODE_VINTAGE_LYON_FEMMES-212x212.png?resize=1400%2C800&quality=100&strip=all&ssl=1 4x"},"classes":[]}],"_links":{"self":[{"href":"https:\/\/www.marchemodevintage.com\/en\/wp-json\/wp\/v2\/pages\/1143","targetHints":{"allow":["GET"]}}],"collection":[{"href":"https:\/\/www.marchemodevintage.com\/en\/wp-json\/wp\/v2\/pages"}],"about":[{"href":"https:\/\/www.marchemodevintage.com\/en\/wp-json\/wp\/v2\/types\/page"}],"author":[{"embeddable":true,"href":"https:\/\/www.marchemodevintage.com\/en\/wp-json\/wp\/v2\/users\/4"}],"replies":[{"embeddable":true,"href":"https:\/\/www.marchemodevintage.com\/en\/wp-json\/wp\/v2\/comments?post=1143"}],"version-history":[{"count":4,"href":"https:\/\/www.marchemodevintage.com\/en\/wp-json\/wp\/v2\/pages\/1143\/revisions"}],"predecessor-version":[{"id":1487,"href":"https:\/\/www.marchemodevintage.com\/en\/wp-json\/wp\/v2\/pages\/1143\/revisions\/1487"}],"wp:featuredmedia":[{"embeddable":true,"href":"https:\/\/www.marchemodevintage.com\/en\/wp-json\/wp\/v2\/media\/2408"}],"wp:attachment":[{"href":"https:\/\/www.marchemodevintage.com\/en\/wp-json\/wp\/v2\/media?parent=1143"}],"curies":[{"name":"wp","href":"https:\/\/api.w.org\/{rel}","templated":true}]}}